{"id":706,"date":"2021-11-26T10:25:54","date_gmt":"2021-11-26T10:25:54","guid":{"rendered":"https:\/\/www.kopatekoy.fi\/?page_id=706"},"modified":"2023-11-14T21:29:17","modified_gmt":"2023-11-14T21:29:17","slug":"projektit","status":"publish","type":"page","link":"https:\/\/www.kopatekoy.fi\/index.php\/projektit\/","title":{"rendered":"Projektit"},"content":{"rendered":"\t\t<div data-elementor-type=\"wp-page\" data-elementor-id=\"706\" class=\"elementor elementor-706\">\n\t\t\t\t\t\t<section class=\"elementor-section elementor-top-section elementor-element elementor-element-e79d744 elementor-section-boxed elementor-section-height-default elementor-section-height-default\" data-id=\"e79d744\" data-element_type=\"section\">\n\t\t\t\t\t\t<div class=\"elementor-container elementor-column-gap-default\">\n\t\t\t\t\t<div class=\"elementor-column elementor-col-100 elementor-top-column elementor-element elementor-element-c212387\" data-id=\"c212387\" data-element_type=\"column\">\n\t\t\t<div class=\"elementor-widget-wrap elementor-element-populated\">\n\t\t\t\t\t\t<div class=\"elementor-element elementor-element-f7a8db1 elementor-widget elementor-widget-heading\" data-id=\"f7a8db1\" data-element_type=\"widget\" data-widget_type=\"heading.default\">\n\t\t\t\t<div class=\"elementor-widget-container\">\n\t\t\t\t\t<h1 class=\"elementor-heading-title elementor-size-default\">PROJEKTIT<\/h1>\t\t\t\t<\/div>\n\t\t\t\t<\/div>\n\t\t\t\t\t<\/div>\n\t\t<\/div>\n\t\t\t\t\t<\/div>\n\t\t<\/section>\n\t\t\t\t<section class=\"elementor-section elementor-top-section elementor-element elementor-element-61efb16 elementor-section-boxed elementor-section-height-default elementor-section-height-default\" data-id=\"61efb16\" data-element_type=\"section\">\n\t\t\t\t\t\t<div class=\"elementor-container elementor-column-gap-default\">\n\t\t\t\t\t<div class=\"elementor-column elementor-col-100 elementor-top-column elementor-element elementor-element-94fd8e4\" data-id=\"94fd8e4\" data-element_type=\"column\">\n\t\t\t<div class=\"elementor-widget-wrap\">\n\t\t\t\t\t\t\t<\/div>\n\t\t<\/div>\n\t\t\t\t\t<\/div>\n\t\t<\/section>\n\t\t\t\t<section class=\"elementor-section elementor-top-section elementor-element elementor-element-ff7d75e elementor-section-boxed elementor-section-height-default elementor-section-height-default\" data-id=\"ff7d75e\" data-element_type=\"section\">\n\t\t\t\t\t\t<div class=\"elementor-container elementor-column-gap-default\">\n\t\t\t\t\t<div class=\"elementor-column elementor-col-50 elementor-top-column elementor-element elementor-element-195c3be\" data-id=\"195c3be\" data-element_type=\"column\">\n\t\t\t<div class=\"elementor-widget-wrap elementor-element-populated\">\n\t\t\t\t\t\t<div class=\"elementor-element elementor-element-f7a2818 elementor-widget elementor-widget-image\" data-id=\"f7a2818\" data-element_type=\"widget\" data-widget_type=\"image.default\">\n\t\t\t\t<div class=\"elementor-widget-container\">\n\t\t\t\t\t\t\t\t\t\t\t\t\t\t\t<img fetchpriority=\"high\" decoding=\"async\" width=\"1024\" height=\"576\" src=\"https:\/\/www.kopatekoy.fi\/wp-content\/uploads\/2022\/02\/rauma222.JPG-1024x576.jpeg\" class=\"attachment-large size-large wp-image-1337\" alt=\"\" srcset=\"https:\/\/www.kopatekoy.fi\/wp-content\/uploads\/2022\/02\/rauma222.JPG-1024x576.jpeg 1024w, https:\/\/www.kopatekoy.fi\/wp-content\/uploads\/2022\/02\/rauma222.JPG-300x169.jpeg 300w, https:\/\/www.kopatekoy.fi\/wp-content\/uploads\/2022\/02\/rauma222.JPG-768x432.jpeg 768w, https:\/\/www.kopatekoy.fi\/wp-content\/uploads\/2022\/02\/rauma222.JPG-1536x864.jpeg 1536w, https:\/\/www.kopatekoy.fi\/wp-content\/uploads\/2022\/02\/rauma222.JPG-920x518.jpeg 920w, https:\/\/www.kopatekoy.fi\/wp-content\/uploads\/2022\/02\/rauma222.JPG-230x129.jpeg 230w, https:\/\/www.kopatekoy.fi\/wp-content\/uploads\/2022\/02\/rauma222.JPG-350x197.jpeg 350w, https:\/\/www.kopatekoy.fi\/wp-content\/uploads\/2022\/02\/rauma222.JPG-480x270.jpeg 480w, https:\/\/www.kopatekoy.fi\/wp-content\/uploads\/2022\/02\/rauma222.JPG.jpeg 1600w\" sizes=\"(max-width: 1024px) 100vw, 1024px\" \/>\t\t\t\t\t\t\t\t\t\t\t\t\t\t\t<\/div>\n\t\t\t\t<\/div>\n\t\t\t\t\t<\/div>\n\t\t<\/div>\n\t\t\t\t<div class=\"elementor-column elementor-col-50 elementor-top-column elementor-element elementor-element-04c4abc\" data-id=\"04c4abc\" data-element_type=\"column\">\n\t\t\t<div class=\"elementor-widget-wrap elementor-element-populated\">\n\t\t\t\t\t\t<div class=\"elementor-element elementor-element-dcfcbfa elementor-widget elementor-widget-heading\" data-id=\"dcfcbfa\" data-element_type=\"widget\" data-widget_type=\"heading.default\">\n\t\t\t\t<div class=\"elementor-widget-container\">\n\t\t\t\t\t<h2 class=\"elementor-heading-title elementor-size-default\">Ohituspumppauksen asennus ja k\u00e4ytt\u00f6koulutus<\/h2>\t\t\t\t<\/div>\n\t\t\t\t<\/div>\n\t\t\t\t<div class=\"elementor-element elementor-element-eb77025 elementor-widget elementor-widget-text-editor\" data-id=\"eb77025\" data-element_type=\"widget\" data-widget_type=\"text-editor.default\">\n\t\t\t\t<div class=\"elementor-widget-container\">\n\t\t\t\t\t\t\t\t\t<p>F+ rentaalille alihankintana asennettu 2kpl NC-150:\u00e4 pinnanohjauksella ja Gerulus-et\u00e4h\u00e4lytyksell\u00e4 Raumalla.&nbsp;<span style=\"background-color: transparent;\">6\u201d paineletkua 120 metri\u00e4. Suoritettiin my\u00f6s pumppujen k\u00e4ytt\u00f6koulutus.<\/span><\/p><p>Ty\u00f6ntilaaja Rauman vesi, tammikuu 2022.&nbsp;<\/p>\t\t\t\t\t\t\t\t<\/div>\n\t\t\t\t<\/div>\n\t\t\t\t\t<\/div>\n\t\t<\/div>\n\t\t\t\t\t<\/div>\n\t\t<\/section>\n\t\t\t\t<section class=\"elementor-section elementor-top-section elementor-element elementor-element-36d41cf elementor-section-boxed elementor-section-height-default elementor-section-height-default\" data-id=\"36d41cf\" data-element_type=\"section\">\n\t\t\t\t\t\t<div class=\"elementor-container elementor-column-gap-default\">\n\t\t\t\t\t<div class=\"elementor-column elementor-col-50 elementor-top-column elementor-element elementor-element-6a7c2b0\" data-id=\"6a7c2b0\" data-element_type=\"column\">\n\t\t\t<div class=\"elementor-widget-wrap elementor-element-populated\">\n\t\t\t\t\t\t<div class=\"elementor-element elementor-element-39ab927 elementor-widget elementor-widget-heading\" data-id=\"39ab927\" data-element_type=\"widget\" data-widget_type=\"heading.default\">\n\t\t\t\t<div class=\"elementor-widget-container\">\n\t\t\t\t\t<h2 class=\"elementor-heading-title elementor-size-default\">Ohituspumppauksen siirto ja asennus, m\u00e4\u00e4r\u00e4aikaishuollot ja ohjeistus<\/h2>\t\t\t\t<\/div>\n\t\t\t\t<\/div>\n\t\t\t\t<div class=\"elementor-element elementor-element-bd11596 elementor-widget elementor-widget-text-editor\" data-id=\"bd11596\" data-element_type=\"widget\" data-widget_type=\"text-editor.default\">\n\t\t\t\t<div class=\"elementor-widget-container\">\n\t\t\t\t\t\t\t\t\t<p>Kuukautta my\u00f6hemmin samat pumput siirrettiin 100m viettoviem\u00e4ri\u00e4 yl\u00f6sp\u00e4in, samalla asennettiin 6\u201d paineletkua 220m. Ja toteutettiin pumppujen m\u00e4\u00e4r\u00e4aikaishuollot. N\u00e4m\u00e4 pumput l\u00e4htev\u00e4t k\u00e4yntiin viettoviem\u00e4rin pinnan noustessa. Teknisen vian sattuessa Gerulus antaa et\u00e4h\u00e4lytyksen Rauman vedelle. L\u00e4htiess\u00e4 annettiin yksityiskohtaiset ohjeet ohituspumppauksen operointiin.<\/p><p>Rauman vesi, helmikuu 2022.<\/p>\t\t\t\t\t\t\t\t<\/div>\n\t\t\t\t<\/div>\n\t\t\t\t\t<\/div>\n\t\t<\/div>\n\t\t\t\t<div class=\"elementor-column elementor-col-50 elementor-top-column elementor-element elementor-element-329d10d\" data-id=\"329d10d\" data-element_type=\"column\">\n\t\t\t<div class=\"elementor-widget-wrap elementor-element-populated\">\n\t\t\t\t\t\t<div class=\"elementor-element elementor-element-670dfd7 elementor-widget elementor-widget-image\" data-id=\"670dfd7\" data-element_type=\"widget\" data-widget_type=\"image.default\">\n\t\t\t\t<div class=\"elementor-widget-container\">\n\t\t\t\t\t\t\t\t\t\t\t\t\t\t\t<img decoding=\"async\" width=\"1024\" height=\"576\" src=\"https:\/\/www.kopatekoy.fi\/wp-content\/uploads\/2022\/02\/rauma-pumpun-siirtoa-1024x576.jpeg\" class=\"attachment-large size-large wp-image-1338\" alt=\"\" srcset=\"https:\/\/www.kopatekoy.fi\/wp-content\/uploads\/2022\/02\/rauma-pumpun-siirtoa-1024x576.jpeg 1024w, https:\/\/www.kopatekoy.fi\/wp-content\/uploads\/2022\/02\/rauma-pumpun-siirtoa-300x169.jpeg 300w, https:\/\/www.kopatekoy.fi\/wp-content\/uploads\/2022\/02\/rauma-pumpun-siirtoa-768x432.jpeg 768w, https:\/\/www.kopatekoy.fi\/wp-content\/uploads\/2022\/02\/rauma-pumpun-siirtoa-1536x864.jpeg 1536w, https:\/\/www.kopatekoy.fi\/wp-content\/uploads\/2022\/02\/rauma-pumpun-siirtoa-920x518.jpeg 920w, https:\/\/www.kopatekoy.fi\/wp-content\/uploads\/2022\/02\/rauma-pumpun-siirtoa-230x129.jpeg 230w, https:\/\/www.kopatekoy.fi\/wp-content\/uploads\/2022\/02\/rauma-pumpun-siirtoa-350x197.jpeg 350w, https:\/\/www.kopatekoy.fi\/wp-content\/uploads\/2022\/02\/rauma-pumpun-siirtoa-480x270.jpeg 480w, https:\/\/www.kopatekoy.fi\/wp-content\/uploads\/2022\/02\/rauma-pumpun-siirtoa.jpeg 2016w\" sizes=\"(max-width: 1024px) 100vw, 1024px\" \/>\t\t\t\t\t\t\t\t\t\t\t\t\t\t\t<\/div>\n\t\t\t\t<\/div>\n\t\t\t\t\t<\/div>\n\t\t<\/div>\n\t\t\t\t\t<\/div>\n\t\t<\/section>\n\t\t\t\t<section class=\"elementor-section elementor-top-section elementor-element elementor-element-54c8ed7 elementor-section-boxed elementor-section-height-default elementor-section-height-default\" data-id=\"54c8ed7\" data-element_type=\"section\">\n\t\t\t\t\t\t<div class=\"elementor-container elementor-column-gap-default\">\n\t\t\t\t\t<div class=\"elementor-column elementor-col-66 elementor-top-column elementor-element elementor-element-f2b42cc\" data-id=\"f2b42cc\" data-element_type=\"column\">\n\t\t\t<div class=\"elementor-widget-wrap\">\n\t\t\t\t\t\t\t<\/div>\n\t\t<\/div>\n\t\t\t\t<div class=\"elementor-column elementor-col-33 elementor-top-column elementor-element elementor-element-0f34d55\" data-id=\"0f34d55\" data-element_type=\"column\">\n\t\t\t<div class=\"elementor-widget-wrap\">\n\t\t\t\t\t\t\t<\/div>\n\t\t<\/div>\n\t\t\t\t\t<\/div>\n\t\t<\/section>\n\t\t\t\t<section class=\"elementor-section elementor-top-section elementor-element elementor-element-21187db elementor-section-boxed elementor-section-height-default elementor-section-height-default\" data-id=\"21187db\" data-element_type=\"section\">\n\t\t\t\t\t\t<div class=\"elementor-container elementor-column-gap-default\">\n\t\t\t\t\t<div class=\"elementor-column elementor-col-100 elementor-top-column elementor-element elementor-element-3cae302\" data-id=\"3cae302\" data-element_type=\"column\">\n\t\t\t<div class=\"elementor-widget-wrap\">\n\t\t\t\t\t\t\t<\/div>\n\t\t<\/div>\n\t\t\t\t\t<\/div>\n\t\t<\/section>\n\t\t\t\t<section class=\"elementor-section elementor-top-section elementor-element elementor-element-03e57c5 elementor-section-full_width elementor-section-height-min-height elementor-section-content-top elementor-section-stretched elementor-section-height-default elementor-section-items-middle\" data-id=\"03e57c5\" data-element_type=\"section\" data-settings=\"{&quot;stretch_section&quot;:&quot;section-stretched&quot;}\">\n\t\t\t\t\t\t<div class=\"elementor-container elementor-column-gap-default\">\n\t\t\t\t\t<div class=\"elementor-column elementor-col-100 elementor-top-column elementor-element elementor-element-aa1bfa8\" data-id=\"aa1bfa8\" data-element_type=\"column\">\n\t\t\t<div class=\"elementor-widget-wrap elementor-element-populated\">\n\t\t\t\t\t\t<div class=\"elementor-element elementor-element-857f5b7 elementor-widget elementor-widget-image\" data-id=\"857f5b7\" data-element_type=\"widget\" data-widget_type=\"image.default\">\n\t\t\t\t<div class=\"elementor-widget-container\">\n\t\t\t\t\t\t\t\t\t\t\t\t\t\t\t<img decoding=\"async\" width=\"2048\" height=\"1536\" src=\"https:\/\/www.kopatekoy.fi\/wp-content\/uploads\/2021\/11\/EM-pekkinen-1.jpg\" class=\"attachment-full size-full wp-image-736\" alt=\"\" srcset=\"https:\/\/www.kopatekoy.fi\/wp-content\/uploads\/2021\/11\/EM-pekkinen-1.jpg 2048w, https:\/\/www.kopatekoy.fi\/wp-content\/uploads\/2021\/11\/EM-pekkinen-1-300x225.jpg 300w, https:\/\/www.kopatekoy.fi\/wp-content\/uploads\/2021\/11\/EM-pekkinen-1-1024x768.jpg 1024w, https:\/\/www.kopatekoy.fi\/wp-content\/uploads\/2021\/11\/EM-pekkinen-1-768x576.jpg 768w, https:\/\/www.kopatekoy.fi\/wp-content\/uploads\/2021\/11\/EM-pekkinen-1-1536x1152.jpg 1536w, https:\/\/www.kopatekoy.fi\/wp-content\/uploads\/2021\/11\/EM-pekkinen-1-920x690.jpg 920w, https:\/\/www.kopatekoy.fi\/wp-content\/uploads\/2021\/11\/EM-pekkinen-1-230x173.jpg 230w, https:\/\/www.kopatekoy.fi\/wp-content\/uploads\/2021\/11\/EM-pekkinen-1-350x263.jpg 350w, https:\/\/www.kopatekoy.fi\/wp-content\/uploads\/2021\/11\/EM-pekkinen-1-480x360.jpg 480w\" sizes=\"(max-width: 2048px) 100vw, 2048px\" \/>\t\t\t\t\t\t\t\t\t\t\t\t\t\t\t<\/div>\n\t\t\t\t<\/div>\n\t\t\t\t\t<\/div>\n\t\t<\/div>\n\t\t\t\t\t<\/div>\n\t\t<\/section>\n\t\t\t\t<section class=\"elementor-section elementor-top-section elementor-element elementor-element-5edb3da elementor-section-boxed elementor-section-height-default elementor-section-height-default\" data-id=\"5edb3da\" data-element_type=\"section\">\n\t\t\t\t\t\t<div class=\"elementor-container elementor-column-gap-default\">\n\t\t\t\t\t<div class=\"elementor-column elementor-col-50 elementor-top-column elementor-element elementor-element-42ef453\" data-id=\"42ef453\" data-element_type=\"column\">\n\t\t\t<div class=\"elementor-widget-wrap elementor-element-populated\">\n\t\t\t\t\t\t<div class=\"elementor-element elementor-element-0816ef0 elementor-widget elementor-widget-heading\" data-id=\"0816ef0\" data-element_type=\"widget\" data-widget_type=\"heading.default\">\n\t\t\t\t<div class=\"elementor-widget-container\">\n\t\t\t\t\t<h2 class=\"elementor-heading-title elementor-size-default\">Ohituspumppaus<br><span style=\"font-size: 22px;font-weight: 400;letter-spacing: normal;text-transform: none\">Olariin EM Pekkiselle, 2021&nbsp;<\/span><\/h2>\t\t\t\t<\/div>\n\t\t\t\t<\/div>\n\t\t\t\t\t<\/div>\n\t\t<\/div>\n\t\t\t\t<div class=\"elementor-column elementor-col-50 elementor-top-column elementor-element elementor-element-3d0d904\" data-id=\"3d0d904\" data-element_type=\"column\">\n\t\t\t<div class=\"elementor-widget-wrap elementor-element-populated\">\n\t\t\t\t\t\t\t<\/div>\n\t\t<\/div>\n\t\t\t\t\t<\/div>\n\t\t<\/section>\n\t\t\t\t<section class=\"elementor-section elementor-top-section elementor-element elementor-element-e61f6b4 elementor-section-full_width elementor-section-height-min-height elementor-section-content-top elementor-section-stretched elementor-section-height-default elementor-section-items-middle\" data-id=\"e61f6b4\" data-element_type=\"section\" data-settings=\"{&quot;stretch_section&quot;:&quot;section-stretched&quot;}\">\n\t\t\t\t\t\t<div class=\"elementor-container elementor-column-gap-default\">\n\t\t\t\t\t<div class=\"elementor-column elementor-col-100 elementor-top-column elementor-element elementor-element-fc3e83b\" data-id=\"fc3e83b\" data-element_type=\"column\">\n\t\t\t<div class=\"elementor-widget-wrap elementor-element-populated\">\n\t\t\t\t\t\t<div class=\"elementor-element elementor-element-2ff75a6 elementor-widget elementor-widget-image\" data-id=\"2ff75a6\" data-element_type=\"widget\" data-widget_type=\"image.default\">\n\t\t\t\t<div class=\"elementor-widget-container\">\n\t\t\t\t\t\t\t\t\t\t\t\t\t\t\t<img loading=\"lazy\" decoding=\"async\" width=\"2560\" height=\"1440\" src=\"https:\/\/www.kopatekoy.fi\/wp-content\/uploads\/2021\/11\/hitsaustyo-shp-00-scaled.jpg\" class=\"attachment-full size-full wp-image-741\" alt=\"\" srcset=\"https:\/\/www.kopatekoy.fi\/wp-content\/uploads\/2021\/11\/hitsaustyo-shp-00-scaled.jpg 2560w, https:\/\/www.kopatekoy.fi\/wp-content\/uploads\/2021\/11\/hitsaustyo-shp-00-300x169.jpg 300w, https:\/\/www.kopatekoy.fi\/wp-content\/uploads\/2021\/11\/hitsaustyo-shp-00-1024x576.jpg 1024w, https:\/\/www.kopatekoy.fi\/wp-content\/uploads\/2021\/11\/hitsaustyo-shp-00-768x432.jpg 768w, https:\/\/www.kopatekoy.fi\/wp-content\/uploads\/2021\/11\/hitsaustyo-shp-00-1536x864.jpg 1536w, https:\/\/www.kopatekoy.fi\/wp-content\/uploads\/2021\/11\/hitsaustyo-shp-00-2048x1152.jpg 2048w, https:\/\/www.kopatekoy.fi\/wp-content\/uploads\/2021\/11\/hitsaustyo-shp-00-920x518.jpg 920w, https:\/\/www.kopatekoy.fi\/wp-content\/uploads\/2021\/11\/hitsaustyo-shp-00-230x129.jpg 230w, https:\/\/www.kopatekoy.fi\/wp-content\/uploads\/2021\/11\/hitsaustyo-shp-00-350x197.jpg 350w, https:\/\/www.kopatekoy.fi\/wp-content\/uploads\/2021\/11\/hitsaustyo-shp-00-480x270.jpg 480w\" sizes=\"(max-width: 2560px) 100vw, 2560px\" \/>\t\t\t\t\t\t\t\t\t\t\t\t\t\t\t<\/div>\n\t\t\t\t<\/div>\n\t\t\t\t\t<\/div>\n\t\t<\/div>\n\t\t\t\t\t<\/div>\n\t\t<\/section>\n\t\t\t\t<section class=\"elementor-section elementor-top-section elementor-element elementor-element-c448d69 elementor-section-boxed elementor-section-height-default elementor-section-height-default\" data-id=\"c448d69\" data-element_type=\"section\">\n\t\t\t\t\t\t<div class=\"elementor-container elementor-column-gap-default\">\n\t\t\t\t\t<div class=\"elementor-column elementor-col-50 elementor-top-column elementor-element elementor-element-e0bf174\" data-id=\"e0bf174\" data-element_type=\"column\">\n\t\t\t<div class=\"elementor-widget-wrap elementor-element-populated\">\n\t\t\t\t\t\t<div class=\"elementor-element elementor-element-715eab3 elementor-widget elementor-widget-text-editor\" data-id=\"715eab3\" data-element_type=\"widget\" data-widget_type=\"text-editor.default\">\n\t\t\t\t<div class=\"elementor-widget-container\">\n\t\t\t\t\t\t\t\t\t<h2 style=\"color: #ffffff;\" data-elementor-setting-key=\"title\" data-pen-placeholder=\"Kirjoita t\u00e4h\u00e4n...\">HITSAUSTY\u00d6\u00a0<span style=\"color: #dddddd; font-size: 22px; font-weight: 400; letter-spacing: normal; text-transform: none; white-space: normal;\">SHP:lle, 2021\u00a0<\/span><\/h2>\t\t\t\t\t\t\t\t<\/div>\n\t\t\t\t<\/div>\n\t\t\t\t\t<\/div>\n\t\t<\/div>\n\t\t\t\t<div class=\"elementor-column elementor-col-50 elementor-top-column elementor-element elementor-element-26abcc0\" data-id=\"26abcc0\" data-element_type=\"column\">\n\t\t\t<div class=\"elementor-widget-wrap elementor-element-populated\">\n\t\t\t\t\t\t<div class=\"elementor-element elementor-element-682182b elementor-widget elementor-widget-text-editor\" data-id=\"682182b\" data-element_type=\"widget\" data-widget_type=\"text-editor.default\">\n\t\t\t\t<div class=\"elementor-widget-container\">\n\t\t\t\t\t\t\t\t\t<p>Suunniteltu ja toteutettu 80mm ter\u00e4sputkesta 5mm sein\u00e4m\u00e4ll\u00e4. Pulpettikatto peltivuorauksella sek\u00e4 sein\u00e4ss\u00e4 ett\u00e4 katossa.\u00a0<\/p><p>\u201cHyv\u00e4 ja j\u00e4mer\u00e4 tuli\u201d -asiakas<\/p>\t\t\t\t\t\t\t\t<\/div>\n\t\t\t\t<\/div>\n\t\t\t\t\t<\/div>\n\t\t<\/div>\n\t\t\t\t\t<\/div>\n\t\t<\/section>\n\t\t\t\t<\/div>\n\t\t","protected":false},"excerpt":{"rendered":"<p>PROJEKTIT Ohituspumppauksen asennus ja k\u00e4ytt\u00f6koulutus F+ rentaalille alihankintana asennettu 2kpl NC-150:\u00e4 pinnanohjauksella ja Gerulus-et\u00e4h\u00e4lytyksell\u00e4 Raumalla.&nbsp;6\u201d paineletkua 120 metri\u00e4. Suoritettiin my\u00f6s pumppujen k\u00e4ytt\u00f6koulutus. [&hellip;]<\/p>\n","protected":false},"author":1,"featured_media":0,"parent":0,"menu_order":0,"comment_status":"closed","ping_status":"closed","template":"page-templates\/page_front-page.php","meta":{"_joinchat":[],"footnotes":""},"_links":{"self":[{"href":"https:\/\/www.kopatekoy.fi\/index.php\/wp-json\/wp\/v2\/pages\/706"}],"collection":[{"href":"https:\/\/www.kopatekoy.fi\/index.php\/wp-json\/wp\/v2\/pages"}],"about":[{"href":"https:\/\/www.kopatekoy.fi\/index.php\/wp-json\/wp\/v2\/types\/page"}],"author":[{"embeddable":true,"href":"https:\/\/www.kopatekoy.fi\/index.php\/wp-json\/wp\/v2\/users\/1"}],"replies":[{"embeddable":true,"href":"https:\/\/www.kopatekoy.fi\/index.php\/wp-json\/wp\/v2\/comments?post=706"}],"version-history":[{"count":34,"href":"https:\/\/www.kopatekoy.fi\/index.php\/wp-json\/wp\/v2\/pages\/706\/revisions"}],"predecessor-version":[{"id":1931,"href":"https:\/\/www.kopatekoy.fi\/index.php\/wp-json\/wp\/v2\/pages\/706\/revisions\/1931"}],"wp:attachment":[{"href":"https:\/\/www.kopatekoy.fi\/index.php\/wp-json\/wp\/v2\/media?parent=706"}],"curies":[{"name":"wp","href":"https:\/\/api.w.org\/{rel}","templated":true}]}}