{"id":919,"date":"2021-11-30T17:53:04","date_gmt":"2021-11-30T17:53:04","guid":{"rendered":"https:\/\/www.kopatekoy.fi\/?page_id=919"},"modified":"2024-04-12T13:38:07","modified_gmt":"2024-04-12T13:38:07","slug":"vevi-pumppaamo","status":"publish","type":"page","link":"https:\/\/www.kopatekoy.fi\/index.php\/vevi-pumppaamo\/","title":{"rendered":"VEVI-pumppaamo"},"content":{"rendered":"<style>\/*! elementor - v3.17.0 - 08-11-2023 *\/\n.elementor-heading-title{padding:0;margin:0;line-height:1}.elementor-widget-heading .elementor-heading-title[class*=elementor-size-]>a{color:inherit;font-size:inherit;line-height:inherit}.elementor-widget-heading .elementor-heading-title.elementor-size-small{font-size:15px}.elementor-widget-heading .elementor-heading-title.elementor-size-medium{font-size:19px}.elementor-widget-heading .elementor-heading-title.elementor-size-large{font-size:29px}.elementor-widget-heading .elementor-heading-title.elementor-size-xl{font-size:39px}.elementor-widget-heading .elementor-heading-title.elementor-size-xxl{font-size:59px}<\/style>\n<h1>Vevi-tuotteet kauttamme<\/h1>\n<style>\/*! elementor - v3.17.0 - 08-11-2023 *\/\n.elementor-widget-image{text-align:center}.elementor-widget-image a{display:inline-block}.elementor-widget-image a img[src$=\".svg\"]{width:48px}.elementor-widget-image img{vertical-align:middle;display:inline-block}<\/style>\n<p>\t\t\t\t\t\t\t\t\t\t\t\t<img loading=\"lazy\" decoding=\"async\" width=\"683\" height=\"1024\" src=\"http:\/\/www.kopatekoy.fi\/wp-content\/uploads\/2022\/02\/vevi-vaihtari-683x1024.jpg\" alt=\"\" loading=\"lazy\" srcset=\"https:\/\/www.kopatekoy.fi\/wp-content\/uploads\/2022\/02\/vevi-vaihtari-683x1024.jpg 683w, https:\/\/www.kopatekoy.fi\/wp-content\/uploads\/2022\/02\/vevi-vaihtari-200x300.jpg 200w, https:\/\/www.kopatekoy.fi\/wp-content\/uploads\/2022\/02\/vevi-vaihtari-768x1152.jpg 768w, https:\/\/www.kopatekoy.fi\/wp-content\/uploads\/2022\/02\/vevi-vaihtari-1024x1536.jpg 1024w, https:\/\/www.kopatekoy.fi\/wp-content\/uploads\/2022\/02\/vevi-vaihtari-1365x2048.jpg 1365w, https:\/\/www.kopatekoy.fi\/wp-content\/uploads\/2022\/02\/vevi-vaihtari-920x1380.jpg 920w, https:\/\/www.kopatekoy.fi\/wp-content\/uploads\/2022\/02\/vevi-vaihtari-230x345.jpg 230w, https:\/\/www.kopatekoy.fi\/wp-content\/uploads\/2022\/02\/vevi-vaihtari-350x525.jpg 350w, https:\/\/www.kopatekoy.fi\/wp-content\/uploads\/2022\/02\/vevi-vaihtari-480x720.jpg 480w, https:\/\/www.kopatekoy.fi\/wp-content\/uploads\/2022\/02\/vevi-vaihtari-scaled.jpg 1707w\" sizes=\"(max-width: 683px) 100vw, 683px\" \/>\t\t\t\t\t\t\t\t\t\t\t\t\t\t\t<\/p>\n<h4>VEVI-VAIHTARISETIT<br \/>\nKOPATEK-OY:lt\u00e4<\/h4>\n<p>Nyt kauttamme VEVI-VAIHTARI eli BAGA GS 15 A RUUVIPUMPPUSETTI, jonka asentaminen k\u00e4y helposti ja edullisesti vanhojen esim. SKT- ja LPS-merkkisien ruuvipumppujen tilalle.<\/p>\n<p>Vanhat pumput ja pumppaamot, varsinkin rannikkoseudulle asennetut ruuvipumppaamot (SKT, Hydromatic) kannattaa nyt vaihtaa.<\/p>\n<p>VEVI-pumppaamoiden j\u00e4lleenmyynti ja asennus KoPa-tek Oy. Pyyd\u00e4 tarjous <a href=\"https:\/\/www.kopatekoy.fi\/index.php\/vevi-pumppaamo\/#vevilomake\">sivun alalaidasta!<\/a><\/p>\n<p>\t\t\t<a href=\"http:\/\/www.kopatekoy.fi\/wp-content\/uploads\/2022\/02\/vevivaihtarit-arralla.pdf\"><br \/>\n\t\t\t\t\t\tLataa PDF-esite t\u00e4st\u00e4<br \/>\n\t\t\t\t\t<\/a><\/p>\n<h1>Vevi-pumppaamot erilaisiin kiinteist\u00f6jen tarpeisiin<\/h1>\n<h4>Vevi-minipumppaamo k\u00e4ytt\u00f6keskuksella 800l<\/h4>\n<ul data-pm-slice=\"3 3 []\" data-en-clipboard=\"true\">\n<li>GS-15 -ruuvipumpulla<\/li>\n<li>Baga GD-30 keskipakopumpulla<\/li>\n<li>Baga DS harmaavesipumpulla<\/li>\n<li>Valinnainen pumppu<\/li>\n<\/ul>\n<p>\t\t\t\t\t\t\t\t\t\t\t\t\t\t\t<img loading=\"lazy\" decoding=\"async\" width=\"650\" height=\"1024\" src=\"http:\/\/www.kopatekoy.fi\/wp-content\/uploads\/2023\/11\/Vevi_minipumppaamo-650x1024.jpg\" alt=\"\" loading=\"lazy\" srcset=\"https:\/\/www.kopatekoy.fi\/wp-content\/uploads\/2023\/11\/Vevi_minipumppaamo-650x1024.jpg 650w, https:\/\/www.kopatekoy.fi\/wp-content\/uploads\/2023\/11\/Vevi_minipumppaamo-190x300.jpg 190w, https:\/\/www.kopatekoy.fi\/wp-content\/uploads\/2023\/11\/Vevi_minipumppaamo-768x1210.jpg 768w, https:\/\/www.kopatekoy.fi\/wp-content\/uploads\/2023\/11\/Vevi_minipumppaamo-975x1536.jpg 975w, https:\/\/www.kopatekoy.fi\/wp-content\/uploads\/2023\/11\/Vevi_minipumppaamo-1000x1575.jpg 1000w, https:\/\/www.kopatekoy.fi\/wp-content\/uploads\/2023\/11\/Vevi_minipumppaamo-230x362.jpg 230w, https:\/\/www.kopatekoy.fi\/wp-content\/uploads\/2023\/11\/Vevi_minipumppaamo-350x551.jpg 350w, https:\/\/www.kopatekoy.fi\/wp-content\/uploads\/2023\/11\/Vevi_minipumppaamo-480x756.jpg 480w, https:\/\/www.kopatekoy.fi\/wp-content\/uploads\/2023\/11\/Vevi_minipumppaamo.jpg 1300w\" sizes=\"(max-width: 650px) 100vw, 650px\" \/><br \/>\n\t\t\t<a href=\"http:\/\/www.kopatekoy.fi\/wp-content\/uploads\/2022\/02\/Vevi-minipumppaamo_kopatek.pdf\"><br \/>\n\t\t\t\t\t\tLataa t\u00e4st\u00e4 PDF-esite VEVI-minipumppaamoista<br \/>\n\t\t\t\t\t<\/a><\/p>\n<h4>Vevi-1200l kiinteist\u00f6n pumppaamo k\u00e4ytt\u00f6keskuksella<\/h4>\n<ul data-pm-slice=\"3 3 []\" data-en-clipboard=\"true\">\n<li>GS-15 -ruuvipumpulla<\/li>\n<li>Baga GD-30 keskipakopumpulla<\/li>\n<li>Valinnainen pumppu<\/li>\n<\/ul>\n<p>\t\t\t\t\t\t\t\t\t\t\t\t\t\t\t<img loading=\"lazy\" decoding=\"async\" width=\"768\" height=\"1024\" src=\"http:\/\/www.kopatekoy.fi\/wp-content\/uploads\/2023\/11\/Vevi1200_1-768x1024.jpg\" alt=\"\" loading=\"lazy\" srcset=\"https:\/\/www.kopatekoy.fi\/wp-content\/uploads\/2023\/11\/Vevi1200_1-768x1024.jpg 768w, https:\/\/www.kopatekoy.fi\/wp-content\/uploads\/2023\/11\/Vevi1200_1-225x300.jpg 225w, https:\/\/www.kopatekoy.fi\/wp-content\/uploads\/2023\/11\/Vevi1200_1-1152x1536.jpg 1152w, https:\/\/www.kopatekoy.fi\/wp-content\/uploads\/2023\/11\/Vevi1200_1-1000x1333.jpg 1000w, https:\/\/www.kopatekoy.fi\/wp-content\/uploads\/2023\/11\/Vevi1200_1-230x307.jpg 230w, https:\/\/www.kopatekoy.fi\/wp-content\/uploads\/2023\/11\/Vevi1200_1-350x467.jpg 350w, https:\/\/www.kopatekoy.fi\/wp-content\/uploads\/2023\/11\/Vevi1200_1-480x640.jpg 480w, https:\/\/www.kopatekoy.fi\/wp-content\/uploads\/2023\/11\/Vevi1200_1.jpg 1536w\" sizes=\"(max-width: 768px) 100vw, 768px\" \/>\t\t\t\t\t\t\t\t\t\t\t\t\t\t\t<\/p>\n<h4>Vevi-1600l linjapumppaamo kahdella pumpulla ja k\u00e4ytt\u00f6keskuksella<\/h4>\n<ul data-pm-slice=\"3 3 []\" data-en-clipboard=\"true\">\n<li>2x Baga GS-15<\/li>\n<li>2x Baga GD-30<\/li>\n<li>2x valinnainen pumppu<\/li>\n<\/ul>\n<p>\t\t\t\t\t\t\t\t\t\t\t\t\t\t\t<img loading=\"lazy\" decoding=\"async\" width=\"768\" height=\"1024\" src=\"http:\/\/www.kopatekoy.fi\/wp-content\/uploads\/2023\/11\/Vevi1600_2-768x1024.jpg\" alt=\"\" loading=\"lazy\" srcset=\"https:\/\/www.kopatekoy.fi\/wp-content\/uploads\/2023\/11\/Vevi1600_2-768x1024.jpg 768w, https:\/\/www.kopatekoy.fi\/wp-content\/uploads\/2023\/11\/Vevi1600_2-225x300.jpg 225w, https:\/\/www.kopatekoy.fi\/wp-content\/uploads\/2023\/11\/Vevi1600_2-1152x1536.jpg 1152w, https:\/\/www.kopatekoy.fi\/wp-content\/uploads\/2023\/11\/Vevi1600_2-1000x1333.jpg 1000w, https:\/\/www.kopatekoy.fi\/wp-content\/uploads\/2023\/11\/Vevi1600_2-230x307.jpg 230w, https:\/\/www.kopatekoy.fi\/wp-content\/uploads\/2023\/11\/Vevi1600_2-350x467.jpg 350w, https:\/\/www.kopatekoy.fi\/wp-content\/uploads\/2023\/11\/Vevi1600_2-480x640.jpg 480w, https:\/\/www.kopatekoy.fi\/wp-content\/uploads\/2023\/11\/Vevi1600_2.jpg 1200w\" sizes=\"(max-width: 768px) 100vw, 768px\" \/><br \/>\n\t\t\t\t\t\t\t\t\t\t\t\t\t\t\t<img loading=\"lazy\" decoding=\"async\" width=\"1024\" height=\"726\" src=\"http:\/\/www.kopatekoy.fi\/wp-content\/uploads\/2023\/11\/porakaivo3-1024x726.jpg\" alt=\"\" loading=\"lazy\" srcset=\"https:\/\/www.kopatekoy.fi\/wp-content\/uploads\/2023\/11\/porakaivo3-1024x726.jpg 1024w, https:\/\/www.kopatekoy.fi\/wp-content\/uploads\/2023\/11\/porakaivo3-300x213.jpg 300w, https:\/\/www.kopatekoy.fi\/wp-content\/uploads\/2023\/11\/porakaivo3-768x545.jpg 768w, https:\/\/www.kopatekoy.fi\/wp-content\/uploads\/2023\/11\/porakaivo3-1536x1089.jpg 1536w, https:\/\/www.kopatekoy.fi\/wp-content\/uploads\/2023\/11\/porakaivo3-1000x709.jpg 1000w, https:\/\/www.kopatekoy.fi\/wp-content\/uploads\/2023\/11\/porakaivo3-230x163.jpg 230w, https:\/\/www.kopatekoy.fi\/wp-content\/uploads\/2023\/11\/porakaivo3-350x248.jpg 350w, https:\/\/www.kopatekoy.fi\/wp-content\/uploads\/2023\/11\/porakaivo3-480x340.jpg 480w, https:\/\/www.kopatekoy.fi\/wp-content\/uploads\/2023\/11\/porakaivo3.jpg 2048w\" sizes=\"(max-width: 1024px) 100vw, 1024px\" \/><br \/>\n\t\t\t\t\t\t\t\t\t\t\t\t\t\t\t<img loading=\"lazy\" decoding=\"async\" width=\"695\" height=\"1024\" src=\"http:\/\/www.kopatekoy.fi\/wp-content\/uploads\/2023\/11\/porakaivo2-695x1024.jpg\" alt=\"\" loading=\"lazy\" srcset=\"https:\/\/www.kopatekoy.fi\/wp-content\/uploads\/2023\/11\/porakaivo2-695x1024.jpg 695w, https:\/\/www.kopatekoy.fi\/wp-content\/uploads\/2023\/11\/porakaivo2-203x300.jpg 203w, https:\/\/www.kopatekoy.fi\/wp-content\/uploads\/2023\/11\/porakaivo2-768x1132.jpg 768w, https:\/\/www.kopatekoy.fi\/wp-content\/uploads\/2023\/11\/porakaivo2-1042x1536.jpg 1042w, https:\/\/www.kopatekoy.fi\/wp-content\/uploads\/2023\/11\/porakaivo2-1000x1474.jpg 1000w, https:\/\/www.kopatekoy.fi\/wp-content\/uploads\/2023\/11\/porakaivo2-230x339.jpg 230w, https:\/\/www.kopatekoy.fi\/wp-content\/uploads\/2023\/11\/porakaivo2-350x516.jpg 350w, https:\/\/www.kopatekoy.fi\/wp-content\/uploads\/2023\/11\/porakaivo2-480x708.jpg 480w, https:\/\/www.kopatekoy.fi\/wp-content\/uploads\/2023\/11\/porakaivo2.jpg 1389w\" sizes=\"(max-width: 695px) 100vw, 695px\" \/>\t\t\t\t\t\t\t\t\t\t\t\t\t\t\t<\/p>\n<h4>Tekninen tila porakaivon p\u00e4\u00e4lle<\/h4>\n<p>Porakaivon p\u00e4\u00e4lle asennettava tekninen tila. Tekniseen tilaan mahtuu paisuntas\u00e4ili\u00f6, suodattimet, paineanturit ja jakotukin saattokaapelit.\u00a0<\/p>\n<p>mitat:1000x1000mm hst-ilmanvaihtoputki ja <br \/>pohjassa tiivis reik\u00e4 porakaivonputkelle.<\/p>\n<p>\t\t\t\t\t\t\t\t\t\t\t\t\t\t\t\t<a href=\"https:\/\/www.vevi.fi\/index.htm\" target=\"_blank\" rel=\"noopener\"><br \/>\n\t\t\t\t\t\t\t<img loading=\"lazy\" decoding=\"async\" width=\"400\" height=\"300\" src=\"http:\/\/www.kopatekoy.fi\/wp-content\/uploads\/2021\/11\/client-VEVI.png\" alt=\"\" loading=\"lazy\" srcset=\"https:\/\/www.kopatekoy.fi\/wp-content\/uploads\/2021\/11\/client-VEVI.png 400w, https:\/\/www.kopatekoy.fi\/wp-content\/uploads\/2021\/11\/client-VEVI-300x225.png 300w, https:\/\/www.kopatekoy.fi\/wp-content\/uploads\/2021\/11\/client-VEVI-230x173.png 230w, https:\/\/www.kopatekoy.fi\/wp-content\/uploads\/2021\/11\/client-VEVI-350x263.png 350w\" sizes=\"(max-width: 400px) 100vw, 400px\" \/>\t\t\t\t\t\t\t\t<\/a><\/p>\n<h3>Muut vevi-tuotteet<\/h3>\n<p>\t\t\tKopa-tek Oy on virallinen VEVI-tuotteiden j\u00e4lleenmyyj\u00e4.<br \/>\nTutustu tuotteisiin Oy VeVi-Va Ab kotisivuilla:<br \/>\n\t\t\t<a href=\"https:\/\/www.vevi.fi\/index.htm\" target=\"_blank\" rel=\"noopener\">https:\/\/www.vevi.fi\/index.htm<br \/>\n <\/a>\t\t<\/p>\n<form id=\"wpforms-form-975\" data-formid=\"975\" method=\"post\" enctype=\"multipart\/form-data\" action=\"\/wp-admin\/admin-ajax.php\" data-token=\"8a33c583734fafd394acf51435f636c4\">VEVI-TUOTTEETTarjouspyynt\u00f6 VEVI-vaihtari-setist\u00e4 tai muista VEVI-pumppaamoista<noscript>Please enable JavaScript in your browser to complete this form.<\/noscript><label for=\"wpforms-975-field_7\">Valitse VEVI-tuote <\/label><select id=\"wpforms-975-field_7\" name=\"wpforms[fields][7]\"><option value=\"VEVI-Vaihtari\" >VEVI-Vaihtari<\/option><option value=\"Minipumppaamo\" >Minipumppaamo<\/option><option value=\"1200L Pumppaamo\" >1200L Pumppaamo<\/option><option value=\"1600L Pumppaamo 2x pumpulla\" >1600L Pumppaamo 2x pumpulla<\/option><option value=\"Tekninen tila\" >Tekninen tila<\/option><\/select><label for=\"wpforms-975-field_1\">Nimi *<\/label><input type=\"text\" id=\"wpforms-975-field_1\" name=\"wpforms[fields][1][first]\" required><label for=\"wpforms-975-field_1\">First<\/label><input type=\"text\" id=\"wpforms-975-field_1-last\" name=\"wpforms[fields][1][last]\" required><label for=\"wpforms-975-field_1-last\">Last<\/label><label for=\"wpforms-975-field_5\">Email *<\/label><input type=\"email\" id=\"wpforms-975-field_5\" name=\"wpforms[fields][5]\" spellcheck=\"false\" required><label for=\"wpforms-975-field_8\">Puhelin<\/label><input type=\"text\" id=\"wpforms-975-field_8\" name=\"wpforms[fields][8]\" ><label for=\"wpforms-975-field_3\">Postinumero *<\/label><input type=\"text\" id=\"wpforms-975-field_3\" name=\"wpforms[fields][3]\" required><label for=\"wpforms-975-field_4\">Paikkakunta *<\/label><input type=\"text\" id=\"wpforms-975-field_4\" name=\"wpforms[fields][4]\" required><label for=\"wpforms-975-field_6\">Y-tunnus<\/label><input type=\"text\" id=\"wpforms-975-field_6\" name=\"wpforms[fields][6]\" ><label for=\"wpforms-975-field_2\">Lis\u00e4tietoja *<\/label><textarea id=\"wpforms-975-field_2\" name=\"wpforms[fields][2]\" placeholder=\"Haluan tarjouksen VEVI-tuotteesta.\" required><\/textarea><!-- .wpforms-field-container --><input type=\"hidden\" name=\"wpforms[id]\" value=\"975\">\t\t\t<input\n\t\t\t\ttype=\"hidden\"\n\t\t\t\tname=\"wpforms[nonce]\"\n\t\t\t\tvalue=\"5a51444448\"\n\t\t\t\/><br \/>\n\t\t\t<input type=\"hidden\" name=\"wpforms[author]\" value=\"1\"><button type=\"submit\" name=\"wpforms[submit]\" id=\"wpforms-submit-975\" data-alt-text=\"L\u00e4hetet\u00e4\u00e4n...\" data-submit-text=\"L\u00e4het\u00e4\" aria-live=\"assertive\" value=\"wpforms-submit\">L\u00e4het\u00e4<\/button><img decoding=\"async\" src=\"https:\/\/www.kopatekoy.fi\/wp-content\/plugins\/wpforms-lite\/assets\/images\/submit-spin.svg\" style=\"display: none;\" width=\"26\" height=\"26\" alt=\"Loading\"><\/form>\n<p>  <!-- .wpforms-container --><\/p>\n","protected":false},"excerpt":{"rendered":"<p>Vevi-tuotteet kauttamme VEVI-VAIHTARISETIT KOPATEK-OY:lt\u00e4 Nyt kauttamme VEVI-VAIHTARI eli BAGA GS 15 A RUUVIPUMPPUSETTI, jonka asentaminen k\u00e4y helposti ja edullisesti vanhojen esim. SKT- [&hellip;]<\/p>\n","protected":false},"author":1,"featured_media":0,"parent":0,"menu_order":0,"comment_status":"closed","ping_status":"closed","template":"page-templates\/page_front-page.php","meta":{"_joinchat":[],"footnotes":""},"_links":{"self":[{"href":"https:\/\/www.kopatekoy.fi\/index.php\/wp-json\/wp\/v2\/pages\/919"}],"collection":[{"href":"https:\/\/www.kopatekoy.fi\/index.php\/wp-json\/wp\/v2\/pages"}],"about":[{"href":"https:\/\/www.kopatekoy.fi\/index.php\/wp-json\/wp\/v2\/types\/page"}],"author":[{"embeddable":true,"href":"https:\/\/www.kopatekoy.fi\/index.php\/wp-json\/wp\/v2\/users\/1"}],"replies":[{"embeddable":true,"href":"https:\/\/www.kopatekoy.fi\/index.php\/wp-json\/wp\/v2\/comments?post=919"}],"version-history":[{"count":170,"href":"https:\/\/www.kopatekoy.fi\/index.php\/wp-json\/wp\/v2\/pages\/919\/revisions"}],"predecessor-version":[{"id":2037,"href":"https:\/\/www.kopatekoy.fi\/index.php\/wp-json\/wp\/v2\/pages\/919\/revisions\/2037"}],"wp:attachment":[{"href":"https:\/\/www.kopatekoy.fi\/index.php\/wp-json\/wp\/v2\/media?parent=919"}],"curies":[{"name":"wp","href":"https:\/\/api.w.org\/{rel}","templated":true}]}}